{"id":9,"date":"2026-04-14T07:40:16","date_gmt":"2026-04-14T07:40:16","guid":{"rendered":"https:\/\/hidro-central.cl\/?page_id=9"},"modified":"2026-04-14T07:42:29","modified_gmt":"2026-04-14T07:42:29","slug":"inicio","status":"publish","type":"page","link":"https:\/\/hidro-central.cl\/","title":{"rendered":"Inicio"},"content":{"rendered":"\t\t<div data-elementor-type=\"wp-page\" data-elementor-id=\"9\" class=\"elementor elementor-9\" data-elementor-post-type=\"page\">\n\t\t\t\t<div class=\"elementor-element elementor-element-0f32cb9 e-flex e-con-boxed e-con e-parent\" data-id=\"0f32cb9\" data-element_type=\"container\" data-e-type=\"container\">\n\t\t\t\t\t<div class=\"e-con-inner\">\n\t\t\t\t<div class=\"elementor-element elementor-element-5b76504 elementor-widget elementor-widget-image\" data-id=\"5b76504\" data-element_type=\"widget\" data-e-type=\"widget\" data-widget_type=\"image.default\">\n\t\t\t\t\t\t\t\t\t\t\t\t\t\t\t<img fetchpriority=\"high\" decoding=\"async\" width=\"500\" height=\"302\" src=\"https:\/\/hidro-central.cl\/wp-content\/uploads\/2026\/04\/WhatsApp-Image-2026-04-13-at-8.20.47-PM.jpeg\" class=\"attachment-large size-large wp-image-12\" alt=\"\" srcset=\"https:\/\/hidro-central.cl\/wp-content\/uploads\/2026\/04\/WhatsApp-Image-2026-04-13-at-8.20.47-PM.jpeg 500w, https:\/\/hidro-central.cl\/wp-content\/uploads\/2026\/04\/WhatsApp-Image-2026-04-13-at-8.20.47-PM-300x181.jpeg 300w\" sizes=\"(max-width: 500px) 100vw, 500px\" \/>\t\t\t\t\t\t\t\t\t\t\t\t\t\t\t<\/div>\n\t\t\t\t\t<\/div>\n\t\t\t\t<\/div>\n\t\t<div class=\"elementor-element elementor-element-0ff11ee e-flex e-con-boxed e-con e-parent\" data-id=\"0ff11ee\" data-element_type=\"container\" data-e-type=\"container\">\n\t\t\t\t\t<div class=\"e-con-inner\">\n\t\t\t\t<div class=\"elementor-element elementor-element-5e9647e elementor-widget elementor-widget-text-editor\" data-id=\"5e9647e\" data-element_type=\"widget\" data-e-type=\"widget\" data-widget_type=\"text-editor.default\">\n\t\t\t\t\t\t\t\t\t<p><strong data-start=\"113\" data-end=\"162\">Estamos trabajando en nuestro nuevo sitio web<\/strong> para ofrecerte una mejor experiencia y entregarte toda la informaci\u00f3n sobre nuestros servicios de <strong data-start=\"261\" data-end=\"297\">mantenci\u00f3n de bombas y edificios<\/strong> de forma m\u00e1s clara, r\u00e1pida y profesional.<\/p>\t\t\t\t\t\t\t\t<\/div>\n\t\t\t\t\t<\/div>\n\t\t\t\t<\/div>\n\t\t\t\t<\/div>\n\t\t","protected":false},"excerpt":{"rendered":"<p>Estamos trabajando en nuestro nuevo sitio web para ofrecerte una mejor experiencia y entregarte toda la informaci\u00f3n sobre nuestros servicios de mantenci\u00f3n de bombas y edificios de forma m\u00e1s clara, r\u00e1pida y profesional.<\/p>\n","protected":false},"author":1,"featured_media":0,"parent":0,"menu_order":0,"comment_status":"closed","ping_status":"closed","template":"elementor_canvas","meta":{"footnotes":""},"class_list":["post-9","page","type-page","status-publish","hentry"],"_links":{"self":[{"href":"https:\/\/hidro-central.cl\/index.php\/wp-json\/wp\/v2\/pages\/9","targetHints":{"allow":["GET"]}}],"collection":[{"href":"https:\/\/hidro-central.cl\/index.php\/wp-json\/wp\/v2\/pages"}],"about":[{"href":"https:\/\/hidro-central.cl\/index.php\/wp-json\/wp\/v2\/types\/page"}],"author":[{"embeddable":true,"href":"https:\/\/hidro-central.cl\/index.php\/wp-json\/wp\/v2\/users\/1"}],"replies":[{"embeddable":true,"href":"https:\/\/hidro-central.cl\/index.php\/wp-json\/wp\/v2\/comments?post=9"}],"version-history":[{"count":5,"href":"https:\/\/hidro-central.cl\/index.php\/wp-json\/wp\/v2\/pages\/9\/revisions"}],"predecessor-version":[{"id":17,"href":"https:\/\/hidro-central.cl\/index.php\/wp-json\/wp\/v2\/pages\/9\/revisions\/17"}],"wp:attachment":[{"href":"https:\/\/hidro-central.cl\/index.php\/wp-json\/wp\/v2\/media?parent=9"}],"curies":[{"name":"wp","href":"https:\/\/api.w.org\/{rel}","templated":true}]}}